{"id":1104,"date":"2021-06-30T08:18:16","date_gmt":"2021-06-30T08:18:16","guid":{"rendered":"https:\/\/www.maxins.sk\/hr-management\/"},"modified":"2023-03-23T13:54:34","modified_gmt":"2023-03-23T11:54:34","slug":"hr-management","status":"publish","type":"page","link":"https:\/\/www.maxins.sk\/de\/dienstleistungen\/hr-management\/","title":{"rendered":"HR-management"},"content":{"rendered":"<div id=\"pl-1104\"  class=\"panel-layout\" ><div id=\"pg-1104-0\"  class=\"panel-grid panel-has-style\" ><div class=\"panel-row-style panel-row-style-for-1104-0\" ><div id=\"pgc-1104-0-0\"  class=\"panel-grid-cell panel-grid-cell-mobile-last\" ><div id=\"panel-1104-0-0-0\" class=\"so-panel widget widget_sow-editor panel-first-child panel-last-child\" data-index=\"0\" ><div\n\t\t\t\n\t\t\tclass=\"so-widget-sow-editor so-widget-sow-editor-base\"\n\t\t\t\n\t\t>\n<div class=\"siteorigin-widget-tinymce textwidget\">\n\t<h2>Wir k\u00fcmmern uns um die komplette personelle, materielle und logistische Abwicklung. Die Verantwortung f\u00fcr die Arbeitseffizienz und die Ergebnisse liegt bei uns.<\/h2>\n<\/div>\n<\/div><\/div><\/div><div id=\"pgc-1104-0-1\"  class=\"panel-grid-cell panel-grid-cell-empty\" ><\/div><\/div><\/div><div id=\"pg-1104-1\"  class=\"panel-grid panel-has-style\" ><div class=\"siteorigin-panels-stretch panel-row-style panel-row-style-for-1104-1\" data-stretch-type=\"full\" ><div id=\"pgc-1104-1-0\"  class=\"panel-grid-cell\" ><div id=\"panel-1104-1-0-0\" class=\"so-panel widget widget_siteorigin-panels-builder panel-first-child panel-last-child\" data-index=\"1\" ><div class=\"panel-widget-style panel-widget-style-for-1104-1-0-0\" ><div id=\"pl-w69f169160a86f\"  class=\"panel-layout\" ><div id=\"pg-w69f169160a86f-0\"  class=\"panel-grid panel-has-style\" ><div class=\"panel-row-style panel-row-style-for-w69f169160a86f-0\" ><div id=\"pgc-w69f169160a86f-0-0\"  class=\"panel-grid-cell\" ><div id=\"panel-w69f169160a86f-0-0-0\" class=\"so-panel widget widget_sow-image panel-first-child panel-last-child\" data-index=\"0\" ><div\n\t\t\t\n\t\t\tclass=\"so-widget-sow-image so-widget-sow-image-default-8b5b6f678277\"\n\t\t\t\n\t\t>\n<div class=\"sow-image-container\">\n\t\t<img loading=\"lazy\" decoding=\"async\" src=\"https:\/\/www.maxins.sk\/wp-content\/uploads\/2021\/06\/shutterstock_93712291.jpg\" width=\"2500\" height=\"1930\" srcset=\"https:\/\/www.maxins.sk\/wp-content\/uploads\/2021\/06\/shutterstock_93712291.jpg 2500w, https:\/\/www.maxins.sk\/wp-content\/uploads\/2021\/06\/shutterstock_93712291-300x232.jpg 300w, https:\/\/www.maxins.sk\/wp-content\/uploads\/2021\/06\/shutterstock_93712291-1024x790.jpg 1024w, https:\/\/www.maxins.sk\/wp-content\/uploads\/2021\/06\/shutterstock_93712291-768x593.jpg 768w, https:\/\/www.maxins.sk\/wp-content\/uploads\/2021\/06\/shutterstock_93712291-1536x1185.jpg 1536w, https:\/\/www.maxins.sk\/wp-content\/uploads\/2021\/06\/shutterstock_93712291-2048x1581.jpg 2048w, https:\/\/www.maxins.sk\/wp-content\/uploads\/2021\/06\/shutterstock_93712291-480x370.jpg 480w, https:\/\/www.maxins.sk\/wp-content\/uploads\/2021\/06\/shutterstock_93712291-992x766.jpg 992w, https:\/\/www.maxins.sk\/wp-content\/uploads\/2021\/06\/shutterstock_93712291-1200x926.jpg 1200w\" sizes=\"auto, (max-width: 2500px) 100vw, 2500px\" title=\"shutterstock 93712291\" alt=\"\" \t\tclass=\"so-widget-image\"\/>\n\t<\/div>\n\n<\/div><\/div><\/div><div id=\"pgc-w69f169160a86f-0-1\"  class=\"panel-grid-cell\" ><div id=\"panel-w69f169160a86f-0-1-0\" class=\"so-panel widget widget_sow-editor panel-first-child panel-last-child\" data-index=\"1\" ><div\n\t\t\t\n\t\t\tclass=\"so-widget-sow-editor so-widget-sow-editor-base\"\n\t\t\t\n\t\t>\n<div class=\"siteorigin-widget-tinymce textwidget\">\n\t<h1>Outsourcing<\/h1>\n<p>Wir \u00fcbernehmen die Verantwortung f\u00fcr einzelne Prozesse und betriebsinterne Aktivit\u00e4ten, die nicht direkt mit der Hauptt\u00e4tigkeit des Unternehmens zusammenh\u00e4ngen. Wir erm\u00f6glichen es den Kunden, sich voll und ganz auf die Schl\u00fcsselabl\u00e4ufe seines Business zu konzentrieren.<\/p>\n<div class=\"buttons-container\"><a class=\"button button-has-icon\" tabindex=\"-1\" title=\"\" href=\"..\/kontakt\/\">Kontakt<\/a><\/div>\n<\/div>\n<\/div><\/div><\/div><\/div><\/div><div id=\"pg-w69f169160a86f-1\"  class=\"panel-grid panel-has-style\" ><div class=\"panel-row-style panel-row-style-for-w69f169160a86f-1\" ><div id=\"pgc-w69f169160a86f-1-0\"  class=\"panel-grid-cell\" ><div id=\"panel-w69f169160a86f-1-0-0\" class=\"so-panel widget widget_sow-editor panel-first-child panel-last-child\" data-index=\"2\" ><div\n\t\t\t\n\t\t\tclass=\"so-widget-sow-editor so-widget-sow-editor-base\"\n\t\t\t\n\t\t>\n<div class=\"siteorigin-widget-tinymce textwidget\">\n\t<h3>Warum Outsourcing<\/h3>\n<ul>\n<li>Wir bauen Sorgen im Zusammenhang mit der Verwaltung Ihrer Mitarbeiter ab<\/li>\n<li>Wir bieten wirtschaftliche Beratung und die Pr\u00fcfung von Jahresabschl\u00fcssen<\/li>\n<li>Wir senken die Regiekosten Ihres Unternehmens<\/li>\n<li>Wir nehmen Ihnen die Verfolgung der stetigen Gesetzes\u00e4nderungen ab<\/li>\n<li>Wir vereinfachen Verwaltungsprozesse<\/li>\n<li>Wir bieten Ihnen L\u00f6sungen gem\u00e4\u00df Ihren Bed\u00fcrfnissen<\/li>\n<li>Wir optimieren Fertigungsprozesse<\/li>\n<li>Wir betreuen jeden Kunden individuell<\/li>\n<\/ul>\n<\/div>\n<\/div><\/div><\/div><div id=\"pgc-w69f169160a86f-1-1\"  class=\"panel-grid-cell\" ><div id=\"panel-w69f169160a86f-1-1-0\" class=\"so-panel widget widget_sow-editor panel-first-child panel-last-child\" data-index=\"3\" ><div\n\t\t\t\n\t\t\tclass=\"so-widget-sow-editor so-widget-sow-editor-base\"\n\t\t\t\n\t\t>\n<div class=\"siteorigin-widget-tinymce textwidget\">\n\t<h3><strong>Outsourcing-Optionen<\/strong><\/h3>\n<ul>\n<li>Lohnbuchhaltung und Personalagenda<\/li>\n<li>Personalbeschaffung<\/li>\n<li>Testen von Kandidaten<\/li>\n<li>Fachliche Beurteilung eines Kandidaten oder Mitarbeiters<\/li>\n<li>Lieferung fest angestellter wie auch vor\u00fcbergehender Mitarbeiter<\/li>\n<li>Dienstleistungen im Zusammenhang mit der Produktion<\/li>\n<li>Betriebsinterne Logistik und Transport<\/li>\n<li>Inventuren und Vorratsauflistungen<\/li>\n<li>Qualit\u00e4tsmanagement und Sortierung<\/li>\n<\/ul>\n<\/div>\n<\/div><\/div><\/div><\/div><\/div><\/div><\/div><\/div><\/div><\/div><\/div><div id=\"pg-1104-2\"  class=\"panel-grid panel-has-style\" ><div class=\"siteorigin-panels-stretch panel-row-style panel-row-style-for-1104-2\" data-stretch-type=\"full\" ><div id=\"pgc-1104-2-0\"  class=\"panel-grid-cell\" ><div id=\"panel-1104-2-0-0\" class=\"so-panel widget widget_sow-editor panel-first-child panel-last-child\" data-index=\"2\" ><div\n\t\t\t\n\t\t\tclass=\"so-widget-sow-editor so-widget-sow-editor-base\"\n\t\t\t\n\t\t>\n<div class=\"siteorigin-widget-tinymce textwidget\">\n\t<h2 style=\"color:white; font-size: 2.0rem;\">Wir k\u00fcmmern uns um den kompletten werbeprozess; von anfang an bis zum ende<\/h2>\n<p style=\"color:white\">Von der Rekrutierung von Kandidaten bis zur \u00dcbernahme von Verantwortung f\u00fcr Effizienz<\/p>\n<\/div>\n<\/div><\/div><\/div><div id=\"pgc-1104-2-1\"  class=\"panel-grid-cell panel-grid-cell-empty\" ><\/div><div id=\"pgc-1104-2-2\"  class=\"panel-grid-cell\" ><div id=\"panel-1104-2-2-0\" class=\"so-panel widget widget_sow-editor panel-first-child panel-last-child\" data-index=\"3\" ><div class=\"panel-widget-style panel-widget-style-for-1104-2-2-0\" ><div\n\t\t\t\n\t\t\tclass=\"so-widget-sow-editor so-widget-sow-editor-base\"\n\t\t\t\n\t\t>\n<div class=\"siteorigin-widget-tinymce textwidget\">\n\t<h4 style=\"color:white\">Vereinbaren sie einen gesch\u00e4ftstermin<\/h4>\n<p style=\"color:white\">Wir k\u00fcmmern uns um den gesamten Personalbeschaffungsprozess, dessen Ergebnis qualifizierte Mitarbeiter sind, die den Unternehmenskriterien entsprechen<\/p>\n<div class=\"buttons-container\"><a class=\"button button-has-icon\" tabindex=\"-1\" title=\"\" href=\"..\/kontakt\/\">Kontakt<\/a><\/div>\n<\/div>\n<\/div><\/div><\/div><\/div><\/div><\/div><div id=\"pg-1104-3\"  class=\"panel-grid panel-no-style\" ><div id=\"pgc-1104-3-0\"  class=\"panel-grid-cell\" ><div id=\"panel-1104-3-0-0\" class=\"so-panel widget widget_sow-editor panel-first-child panel-last-child\" data-index=\"4\" ><div\n\t\t\t\n\t\t\tclass=\"so-widget-sow-editor so-widget-sow-editor-base\"\n\t\t\t\n\t\t>\n<div class=\"siteorigin-widget-tinymce textwidget\">\n\t<h2>Weiterbildung und schulungen<\/h2>\n<p>Erlebnisp\u00e4dagogik ist eine Art der Arbeit mit Menschen, bei der Erlebnisse zur Weiterbildung und Pers\u00f6nlichkeitsentfaltung bei den Teilnehmern verwendet wird. Gegen\u00fcber der klassischen Weiterbildung zeichnet sie sich dadurch aus, dass es dabei zu einer Verbindung des Fachwissens mit praktischen Aktivit\u00e4ten kommt, bei denen sich die Teilnehmer der Workshops nicht nur die vermittelte Information einpr\u00e4gen, sondern durch praktische Anwendung auch ihren Sinn verstehen.<\/p>\n<p>Es handelt sich um ein Lehrverfahren, dass auch von den Folgen des eigenen Handelns, der Suche nach ungew\u00f6hnlichen L\u00f6sungen und der gemeinsamen Bew\u00e4ltigung von Aufgaben und Herausforderungen ausgeht.<\/p>\n<\/div>\n<\/div><\/div><\/div><div id=\"pgc-1104-3-1\"  class=\"panel-grid-cell\" ><div id=\"panel-1104-3-1-0\" class=\"so-panel widget widget_sow-image panel-first-child panel-last-child\" data-index=\"5\" ><div\n\t\t\t\n\t\t\tclass=\"so-widget-sow-image so-widget-sow-image-default-8b5b6f678277-1104\"\n\t\t\t\n\t\t>\n<div class=\"sow-image-container\">\n\t\t<img loading=\"lazy\" decoding=\"async\" src=\"https:\/\/www.maxins.sk\/wp-content\/uploads\/2021\/06\/shutterstock_94008751.jpg\" width=\"2500\" height=\"1921\" srcset=\"https:\/\/www.maxins.sk\/wp-content\/uploads\/2021\/06\/shutterstock_94008751.jpg 2500w, https:\/\/www.maxins.sk\/wp-content\/uploads\/2021\/06\/shutterstock_94008751-300x231.jpg 300w, https:\/\/www.maxins.sk\/wp-content\/uploads\/2021\/06\/shutterstock_94008751-1024x787.jpg 1024w, https:\/\/www.maxins.sk\/wp-content\/uploads\/2021\/06\/shutterstock_94008751-768x590.jpg 768w, https:\/\/www.maxins.sk\/wp-content\/uploads\/2021\/06\/shutterstock_94008751-1536x1180.jpg 1536w, https:\/\/www.maxins.sk\/wp-content\/uploads\/2021\/06\/shutterstock_94008751-2048x1574.jpg 2048w, https:\/\/www.maxins.sk\/wp-content\/uploads\/2021\/06\/shutterstock_94008751-480x369.jpg 480w, https:\/\/www.maxins.sk\/wp-content\/uploads\/2021\/06\/shutterstock_94008751-992x762.jpg 992w, https:\/\/www.maxins.sk\/wp-content\/uploads\/2021\/06\/shutterstock_94008751-1200x922.jpg 1200w\" sizes=\"auto, (max-width: 2500px) 100vw, 2500px\" title=\"shutterstock 94008751\" alt=\"\" \t\tclass=\"so-widget-image\"\/>\n\t<\/div>\n\n<\/div><\/div><\/div><\/div><div id=\"pg-1104-4\"  class=\"panel-grid panel-no-style\" ><div id=\"pgc-1104-4-0\"  class=\"panel-grid-cell\" ><div id=\"panel-1104-4-0-0\" class=\"so-panel widget widget_sow-editor panel-first-child panel-last-child\" data-index=\"6\" ><div\n\t\t\t\n\t\t\tclass=\"so-widget-sow-editor so-widget-sow-editor-base\"\n\t\t\t\n\t\t>\n<div class=\"siteorigin-widget-tinymce textwidget\">\n\t<h3>Vorteil der Workshops<\/h3>\n<ul>\n<li>Verbindung von Theorie und Praxis<\/li>\n<li>Wissensvermittlung durch praktische Erfahrungen<\/li>\n<li>Ausbau von Schl\u00fcsselkompetenzen<\/li>\n<li>Entdecken von St\u00e4rken und Schw\u00e4chen einer Pers\u00f6nlichkeit<\/li>\n<li>Messbare Ergebnisse bei der Verbesserung der Teamarbeit<\/li>\n<li>Verbesserung der Kommunikation und der zwischenmenschlichen Beziehungen im Team<\/li>\n<li>Einbeziehung mehrerer Weiterbildungsmethoden<\/li>\n<\/ul>\n<\/div>\n<\/div><\/div><\/div><div id=\"pgc-1104-4-1\"  class=\"panel-grid-cell\" ><div id=\"panel-1104-4-1-0\" class=\"so-panel widget widget_sow-editor panel-first-child panel-last-child\" data-index=\"7\" ><div\n\t\t\t\n\t\t\tclass=\"so-widget-sow-editor so-widget-sow-editor-base\"\n\t\t\t\n\t\t>\n<div class=\"siteorigin-widget-tinymce textwidget\">\n\t<h3><strong>Workshops<\/strong><\/h3>\n<ul>\n<li>Kommunikations-Skills und das Auftreten vor Publikum \u2013 Kommuniziere effizient<\/li>\n<li>Stressabbau und Grundlagen der nonverbalen Kommunikation \u2013 Medientraining<\/li>\n<li>Gesellschaftliches und diplomatisches Protokoll, Dresscode \u2013 Etikette in der Praxis \u2013 Firmenimage<\/li>\n<li>Ausbilderin: Mgr. Martina Me\u010diarov\u00e1, MBE<\/li>\n<\/ul>\n<\/div>\n<\/div><\/div><\/div><\/div><div id=\"pg-1104-5\"  class=\"panel-grid panel-has-style\" ><div class=\"siteorigin-panels-stretch panel-row-style panel-row-style-for-1104-5\" data-stretch-type=\"full\" ><div id=\"pgc-1104-5-0\"  class=\"panel-grid-cell\" ><div id=\"panel-1104-5-0-0\" class=\"so-panel widget widget_sow-image panel-first-child panel-last-child\" data-index=\"8\" ><div class=\"panel-widget-style panel-widget-style-for-1104-5-0-0\" ><div\n\t\t\t\n\t\t\tclass=\"so-widget-sow-image so-widget-sow-image-default-8b5b6f678277-1104\"\n\t\t\t\n\t\t>\n<div class=\"sow-image-container\">\n\t\t<img loading=\"lazy\" decoding=\"async\" src=\"https:\/\/www.maxins.sk\/wp-content\/uploads\/2021\/06\/IMG_6172.png\" width=\"300\" height=\"300\" srcset=\"https:\/\/www.maxins.sk\/wp-content\/uploads\/2021\/06\/IMG_6172.png 300w, https:\/\/www.maxins.sk\/wp-content\/uploads\/2021\/06\/IMG_6172-150x150.png 150w\" sizes=\"auto, (max-width: 300px) 100vw, 300px\" title=\"IMG 6172\" alt=\"\" \t\tclass=\"so-widget-image\"\/>\n\t<\/div>\n\n<\/div><\/div><\/div><\/div><div id=\"pgc-1104-5-1\"  class=\"panel-grid-cell\" ><div id=\"panel-1104-5-1-0\" class=\"so-panel widget widget_sow-editor panel-first-child panel-last-child\" data-index=\"9\" ><div\n\t\t\t\n\t\t\tclass=\"so-widget-sow-editor so-widget-sow-editor-base\"\n\t\t\t\n\t\t>\n<div class=\"siteorigin-widget-tinymce textwidget\">\n\t<h3><strong>Wer ist<\/strong> Martina?<\/h3>\n<p>Sie ist insbesondere aus dem Fernsehen bekannt, wo sie bei TV Mark\u00edza 12 Jahre lang f\u00fcr die Sendung Reflex arbeitete. Au\u00dferdem war sie auch beim Nachrichtensender TA3 t\u00e4tig. Sie arbeitete als Dramaturgin und sp\u00e4ter als PR-Managerin. Aktuell ist sie Bestandteil der modernen audiovisuellen Umgebung des Internetsenders app.tv. Gerade Martine war bei seiner Entstehung mit dabei.<\/p>\n<p>Au\u00dferdem widmet sie sich auch weiterhin der Moderation verschiedener gesellschaftlicher und Firmenevents sowie der vorgenannten Erlebnisp\u00e4dagogik.<\/p>\n<p>F\u00fcr mehr Infos k\u00f6nnen Sie uns gern <a href=\"https:\/\/www.maxins.sk\/kontakt\/\">kontaktieren.<\/a><\/p>\n<\/div>\n<\/div><\/div><\/div><\/div><\/div><\/div>","protected":false},"excerpt":{"rendered":"<p>Wir bieten Komplettl\u00f6sungen im Bereich der Qualit\u00e4tskontrolle von Teilen und Komponenten.<\/p>\n","protected":false},"author":3,"featured_media":1106,"parent":1114,"menu_order":0,"comment_status":"closed","ping_status":"closed","template":"","meta":{"_acf_changed":false,"inline_featured_image":false,"footnotes":""},"class_list":["post-1104","page","type-page","status-publish","has-post-thumbnail","hentry"],"acf":[],"yoast_head":"<!-- This site is optimized with the Yoast SEO plugin v26.1.1 - https:\/\/yoast.com\/wordpress\/plugins\/seo\/ -->\n<title>Dienstleistungen - HR Management | Maxins.sk<\/title>\n<meta name=\"robots\" content=\"index, follow, max-snippet:-1, max-image-preview:large, max-video-preview:-1\" \/>\n<link rel=\"canonical\" href=\"https:\/\/www.maxins.sk\/de\/hr-management\/\" \/>\n<meta property=\"og:locale\" content=\"de_DE\" \/>\n<meta property=\"og:type\" content=\"article\" \/>\n<meta property=\"og:title\" content=\"Dienstleistungen - HR Management | Maxins.sk\" \/>\n<meta property=\"og:description\" content=\"Wir bieten Komplettl\u00f6sungen im Bereich der Qualit\u00e4tskontrolle von Teilen und Komponenten.\" \/>\n<meta property=\"og:url\" content=\"https:\/\/www.maxins.sk\/de\/hr-management\/\" \/>\n<meta property=\"og:site_name\" content=\"MAXIN&#039;S\" \/>\n<meta property=\"article:modified_time\" content=\"2023-03-23T11:54:34+00:00\" \/>\n<meta property=\"og:image\" content=\"https:\/\/www.maxins.sk\/wp-content\/uploads\/2021\/06\/hr-1.jpg\" \/>\n\t<meta property=\"og:image:width\" content=\"2500\" \/>\n\t<meta property=\"og:image:height\" content=\"1200\" \/>\n\t<meta property=\"og:image:type\" content=\"image\/jpeg\" \/>\n<meta name=\"twitter:card\" content=\"summary_large_image\" \/>\n<meta name=\"twitter:label1\" content=\"Gesch\u00e4tzte Lesezeit\" \/>\n\t<meta name=\"twitter:data1\" content=\"3\u00a0Minuten\" \/>\n<script type=\"application\/ld+json\" class=\"yoast-schema-graph\">{\"@context\":\"https:\/\/schema.org\",\"@graph\":[{\"@type\":\"WebPage\",\"@id\":\"https:\/\/www.maxins.sk\/de\/hr-management\/\",\"url\":\"https:\/\/www.maxins.sk\/de\/hr-management\/\",\"name\":\"Dienstleistungen - HR Management | Maxins.sk\",\"isPartOf\":{\"@id\":\"https:\/\/www.maxins.sk\/#website\"},\"primaryImageOfPage\":{\"@id\":\"https:\/\/www.maxins.sk\/de\/hr-management\/#primaryimage\"},\"image\":{\"@id\":\"https:\/\/www.maxins.sk\/de\/hr-management\/#primaryimage\"},\"thumbnailUrl\":\"https:\/\/www.maxins.sk\/wp-content\/uploads\/2021\/06\/hr-1.jpg\",\"datePublished\":\"2021-06-30T08:18:16+00:00\",\"dateModified\":\"2023-03-23T11:54:34+00:00\",\"breadcrumb\":{\"@id\":\"https:\/\/www.maxins.sk\/de\/hr-management\/#breadcrumb\"},\"inLanguage\":\"de\",\"potentialAction\":[{\"@type\":\"ReadAction\",\"target\":[\"https:\/\/www.maxins.sk\/de\/hr-management\/\"]}]},{\"@type\":\"ImageObject\",\"inLanguage\":\"de\",\"@id\":\"https:\/\/www.maxins.sk\/de\/hr-management\/#primaryimage\",\"url\":\"https:\/\/www.maxins.sk\/wp-content\/uploads\/2021\/06\/hr-1.jpg\",\"contentUrl\":\"https:\/\/www.maxins.sk\/wp-content\/uploads\/2021\/06\/hr-1.jpg\",\"width\":2500,\"height\":1200,\"caption\":\"hr 1\"},{\"@type\":\"BreadcrumbList\",\"@id\":\"https:\/\/www.maxins.sk\/de\/hr-management\/#breadcrumb\",\"itemListElement\":[{\"@type\":\"ListItem\",\"position\":1,\"name\":\"Domovsk\u00e1 str\u00e1nka\",\"item\":\"https:\/\/www.maxins.sk\/de\/\"},{\"@type\":\"ListItem\",\"position\":2,\"name\":\"HR-management\"}]},{\"@type\":\"WebSite\",\"@id\":\"https:\/\/www.maxins.sk\/#website\",\"url\":\"https:\/\/www.maxins.sk\/\",\"name\":\"MAXIN\u2019S Person\u00e1lna agent\u00fara\",\"description\":\"\",\"potentialAction\":[{\"@type\":\"SearchAction\",\"target\":{\"@type\":\"EntryPoint\",\"urlTemplate\":\"https:\/\/www.maxins.sk\/?s={search_term_string}\"},\"query-input\":{\"@type\":\"PropertyValueSpecification\",\"valueRequired\":true,\"valueName\":\"search_term_string\"}}],\"inLanguage\":\"de\"}]}<\/script>\n<!-- \/ Yoast SEO plugin. -->","yoast_head_json":{"title":"Dienstleistungen - HR Management | Maxins.sk","robots":{"index":"index","follow":"follow","max-snippet":"max-snippet:-1","max-image-preview":"max-image-preview:large","max-video-preview":"max-video-preview:-1"},"canonical":"https:\/\/www.maxins.sk\/de\/hr-management\/","og_locale":"de_DE","og_type":"article","og_title":"Dienstleistungen - HR Management | Maxins.sk","og_description":"Wir bieten Komplettl\u00f6sungen im Bereich der Qualit\u00e4tskontrolle von Teilen und Komponenten.","og_url":"https:\/\/www.maxins.sk\/de\/hr-management\/","og_site_name":"MAXIN&#039;S","article_modified_time":"2023-03-23T11:54:34+00:00","og_image":[{"width":2500,"height":1200,"url":"https:\/\/www.maxins.sk\/wp-content\/uploads\/2021\/06\/hr-1.jpg","type":"image\/jpeg"}],"twitter_card":"summary_large_image","twitter_misc":{"Gesch\u00e4tzte Lesezeit":"3\u00a0Minuten"},"schema":{"@context":"https:\/\/schema.org","@graph":[{"@type":"WebPage","@id":"https:\/\/www.maxins.sk\/de\/hr-management\/","url":"https:\/\/www.maxins.sk\/de\/hr-management\/","name":"Dienstleistungen - HR Management | Maxins.sk","isPartOf":{"@id":"https:\/\/www.maxins.sk\/#website"},"primaryImageOfPage":{"@id":"https:\/\/www.maxins.sk\/de\/hr-management\/#primaryimage"},"image":{"@id":"https:\/\/www.maxins.sk\/de\/hr-management\/#primaryimage"},"thumbnailUrl":"https:\/\/www.maxins.sk\/wp-content\/uploads\/2021\/06\/hr-1.jpg","datePublished":"2021-06-30T08:18:16+00:00","dateModified":"2023-03-23T11:54:34+00:00","breadcrumb":{"@id":"https:\/\/www.maxins.sk\/de\/hr-management\/#breadcrumb"},"inLanguage":"de","potentialAction":[{"@type":"ReadAction","target":["https:\/\/www.maxins.sk\/de\/hr-management\/"]}]},{"@type":"ImageObject","inLanguage":"de","@id":"https:\/\/www.maxins.sk\/de\/hr-management\/#primaryimage","url":"https:\/\/www.maxins.sk\/wp-content\/uploads\/2021\/06\/hr-1.jpg","contentUrl":"https:\/\/www.maxins.sk\/wp-content\/uploads\/2021\/06\/hr-1.jpg","width":2500,"height":1200,"caption":"hr 1"},{"@type":"BreadcrumbList","@id":"https:\/\/www.maxins.sk\/de\/hr-management\/#breadcrumb","itemListElement":[{"@type":"ListItem","position":1,"name":"Domovsk\u00e1 str\u00e1nka","item":"https:\/\/www.maxins.sk\/de\/"},{"@type":"ListItem","position":2,"name":"HR-management"}]},{"@type":"WebSite","@id":"https:\/\/www.maxins.sk\/#website","url":"https:\/\/www.maxins.sk\/","name":"MAXIN\u2019S Person\u00e1lna agent\u00fara","description":"","potentialAction":[{"@type":"SearchAction","target":{"@type":"EntryPoint","urlTemplate":"https:\/\/www.maxins.sk\/?s={search_term_string}"},"query-input":{"@type":"PropertyValueSpecification","valueRequired":true,"valueName":"search_term_string"}}],"inLanguage":"de"}]}},"_links":{"self":[{"href":"https:\/\/www.maxins.sk\/de\/wp-json\/wp\/v2\/pages\/1104","targetHints":{"allow":["GET"]}}],"collection":[{"href":"https:\/\/www.maxins.sk\/de\/wp-json\/wp\/v2\/pages"}],"about":[{"href":"https:\/\/www.maxins.sk\/de\/wp-json\/wp\/v2\/types\/page"}],"author":[{"embeddable":true,"href":"https:\/\/www.maxins.sk\/de\/wp-json\/wp\/v2\/users\/3"}],"replies":[{"embeddable":true,"href":"https:\/\/www.maxins.sk\/de\/wp-json\/wp\/v2\/comments?post=1104"}],"version-history":[{"count":9,"href":"https:\/\/www.maxins.sk\/de\/wp-json\/wp\/v2\/pages\/1104\/revisions"}],"predecessor-version":[{"id":5315,"href":"https:\/\/www.maxins.sk\/de\/wp-json\/wp\/v2\/pages\/1104\/revisions\/5315"}],"up":[{"embeddable":true,"href":"https:\/\/www.maxins.sk\/de\/wp-json\/wp\/v2\/pages\/1114"}],"wp:featuredmedia":[{"embeddable":true,"href":"https:\/\/www.maxins.sk\/de\/wp-json\/wp\/v2\/media\/1106"}],"wp:attachment":[{"href":"https:\/\/www.maxins.sk\/de\/wp-json\/wp\/v2\/media?parent=1104"}],"curies":[{"name":"wp","href":"https:\/\/api.w.org\/{rel}","templated":true}]}}