{"id":1041,"date":"2021-06-24T12:41:19","date_gmt":"2021-06-24T12:41:19","guid":{"rendered":"https:\/\/www.maxins.sk\/o-nas\/"},"modified":"2024-02-21T13:35:26","modified_gmt":"2024-02-21T11:35:26","slug":"ueber-uns","status":"publish","type":"page","link":"https:\/\/www.maxins.sk\/de\/ueber-uns\/","title":{"rendered":"\u00dcber uns"},"content":{"rendered":"<div id=\"pl-1041\"  class=\"panel-layout\" ><div id=\"pg-1041-0\"  class=\"panel-grid panel-no-style\" ><div id=\"pgc-1041-0-0\"  class=\"panel-grid-cell panel-grid-cell-empty\" ><\/div><div id=\"pgc-1041-0-1\"  class=\"panel-grid-cell\" ><div id=\"panel-1041-0-1-0\" class=\"so-panel widget widget_sow-editor panel-first-child panel-last-child\" data-index=\"0\" ><div\n\t\t\t\n\t\t\tclass=\"so-widget-sow-editor so-widget-sow-editor-base\"\n\t\t\t\n\t\t>\n<div class=\"siteorigin-widget-tinymce textwidget\">\n\t<h2>Die langj\u00e4hrigen Erfahrungen machen jeden von uns zu einem Experten in seinem Fach, mit zahlreichen hochwertigen Erfahrungen.<\/h2>\n<\/div>\n<\/div><\/div><\/div><\/div><div id=\"pg-1041-1\"  class=\"panel-grid panel-has-style\" ><div class=\"panel-row-style panel-row-style-for-1041-1\" ><div id=\"pgc-1041-1-0\"  class=\"panel-grid-cell\" ><div id=\"panel-1041-1-0-0\" class=\"so-panel widget widget_sow-editor panel-first-child panel-last-child\" data-index=\"1\" ><div\n\t\t\t\n\t\t\tclass=\"so-widget-sow-editor so-widget-sow-editor-base\"\n\t\t\t\n\t\t>\n<div class=\"siteorigin-widget-tinymce textwidget\">\n\t<h3 style=\"margin-top:1.2em\">Jeder von uns ist anders. Zusammen sind wir aber ein Team von einzigartigen Leuten, die sich hier getroffen sind, um die MAXIN\u00b4S Group, s.r.o. zu bilden.<\/h3>\n<p>Wir realisieren unsere Dienstleistungen mit der \u00dcberzeugung, dass wir zur Erf\u00fcllen von W\u00fcnschen, Ambitionen und Zielen unserer Kunden aktiv beitragen. Weil vor allem die Leute sind ein Grundstein des Erfolgs und der Prosperit\u00e4t jeder Gesellschaft.<\/p>\n<p>Deswegen sind wir der Meinung, dass wenn Sie den Mitarbeitern das anregende und motivierente Arbeitsumfeld nicht einrichten, wird auch das Ergebnis eher durchschnittlich und Sie bekommen nichts Au\u00dfergew\u00f6hnliches.<\/p>\n<\/div>\n<\/div><\/div><\/div><div id=\"pgc-1041-1-1\"  class=\"panel-grid-cell\" ><div id=\"panel-1041-1-1-0\" class=\"so-panel widget widget_sow-editor panel-first-child panel-last-child\" data-index=\"2\" ><div\n\t\t\t\n\t\t\tclass=\"so-widget-sow-editor so-widget-sow-editor-base\"\n\t\t\t\n\t\t>\n<div class=\"siteorigin-widget-tinymce textwidget\">\n\t<p>Wir wollen, dass sich unsere Mitarbeiter unsererseits unterst\u00fctzt f\u00fchlen und dass sie die M\u00f6glichkeit einer Selbstentwicklung haben. F\u00fcr uns ist es wichtig, dass die Mitarbeiter sich selbst \u00fcberwinden, dass sie ihre Komfortzone verlassen und dass sie keine Angst haben, sich voll zu \u00e4u\u00dfern. Wir unterst\u00fctzen unsere Mitarbeiter dabei, aus ihr Schatten zu treten und damit nicht ihre eigene Meinung, sondern auch ihre Bed\u00fcrfnisse und Ideen zu \u00e4u\u00dfern.<\/p>\n<p>Jede Idee ist ein Teil des Puzzles, welches zusammen mit den anderen eine greifbare Einheit bildet. Unser Ziel ist es, von jedem Mitarbeiter einen anregenden Bestandsteil unseres Teams zu machen, und nicht nur einen mickrigen Mitarbeiter.\u00a0Jede Idee und jedes Feedback stellt f\u00fcr uns eine wertvolle Information dar, die wir uns anh\u00f6ren m\u00f6chten und die wir dann angemessen behandeln wollen.<\/p>\n<\/div>\n<\/div><\/div><\/div><div id=\"pgc-1041-1-2\"  class=\"panel-grid-cell\" ><div id=\"panel-1041-1-2-0\" class=\"so-panel widget widget_sow-image panel-first-child panel-last-child\" data-index=\"3\" ><div\n\t\t\t\n\t\t\tclass=\"so-widget-sow-image so-widget-sow-image-default-8b5b6f678277-1041\"\n\t\t\t\n\t\t>\n<div class=\"sow-image-container\">\n\t\t<img loading=\"lazy\" decoding=\"async\" src=\"https:\/\/www.maxins.sk\/wp-content\/uploads\/2021\/06\/shutterstock_99343448.jpg\" width=\"2500\" height=\"1946\" srcset=\"https:\/\/www.maxins.sk\/wp-content\/uploads\/2021\/06\/shutterstock_99343448.jpg 2500w, https:\/\/www.maxins.sk\/wp-content\/uploads\/2021\/06\/shutterstock_99343448-300x234.jpg 300w, https:\/\/www.maxins.sk\/wp-content\/uploads\/2021\/06\/shutterstock_99343448-1024x797.jpg 1024w, https:\/\/www.maxins.sk\/wp-content\/uploads\/2021\/06\/shutterstock_99343448-768x598.jpg 768w, https:\/\/www.maxins.sk\/wp-content\/uploads\/2021\/06\/shutterstock_99343448-1536x1196.jpg 1536w, https:\/\/www.maxins.sk\/wp-content\/uploads\/2021\/06\/shutterstock_99343448-2048x1595.jpg 2048w, https:\/\/www.maxins.sk\/wp-content\/uploads\/2021\/06\/shutterstock_99343448-480x374.jpg 480w, https:\/\/www.maxins.sk\/wp-content\/uploads\/2021\/06\/shutterstock_99343448-992x772.jpg 992w, https:\/\/www.maxins.sk\/wp-content\/uploads\/2021\/06\/shutterstock_99343448-1200x934.jpg 1200w\" sizes=\"auto, (max-width: 2500px) 100vw, 2500px\" title=\"shutterstock 99343448\" alt=\"\" \t\tclass=\"so-widget-image\"\/>\n\t<\/div>\n\n<\/div><\/div><\/div><\/div><\/div><div id=\"pg-1041-2\"  class=\"panel-grid panel-has-style\" ><div class=\"siteorigin-panels-stretch panel-row-style panel-row-style-for-1041-2\" data-stretch-type=\"full\" ><div id=\"pgc-1041-2-0\"  class=\"panel-grid-cell\" ><div id=\"panel-1041-2-0-0\" class=\"so-panel widget widget_sow-editor panel-first-child panel-last-child\" data-index=\"4\" ><div\n\t\t\t\n\t\t\tclass=\"so-widget-sow-editor so-widget-sow-editor-base\"\n\t\t\t\n\t\t>\n<div class=\"siteorigin-widget-tinymce textwidget\">\n\t<h2>Warum<br \/>\ngerade wir?<\/h2>\n<p>Sie interessieren sich f\u00fcr unsere Dienstleistungen? F\u00fchlen Sie sich frei uns zu kontaktieren.<\/p>\n<div class=\"buttons-container\"><a class=\"button button-has-icon\" tabindex=\"-1\" title=\"\" href=\"..\/kontakt\/\">Kontakt<\/a><\/div>\n<\/div>\n<\/div><\/div><\/div><div id=\"pgc-1041-2-1\"  class=\"panel-grid-cell\" ><div id=\"panel-1041-2-1-0\" class=\"so-panel widget widget_siteorigin-panels-builder panel-first-child\" data-index=\"5\" ><div id=\"pl-w60ed253788e21\"  class=\"panel-layout\" ><div id=\"pg-w60ed253788e21-0\"  class=\"panel-grid panel-no-style\" ><div id=\"pgc-w60ed253788e21-0-0\"  class=\"panel-grid-cell\" ><div id=\"panel-w60ed253788e21-0-0-0\" class=\"so-panel widget widget_sow-image panel-first-child panel-last-child\" data-index=\"0\" ><div class=\"panel-widget-style panel-widget-style-for-w60ed253788e21-0-0-0\" ><div\n\t\t\t\n\t\t\tclass=\"so-widget-sow-image so-widget-sow-image-default-8b5b6f678277\"\n\t\t\t\n\t\t>\n<div class=\"sow-image-container\">\n\t\t<img loading=\"lazy\" decoding=\"async\" src=\"https:\/\/www.maxins.sk\/wp-content\/uploads\/2021\/07\/Artboard-3-1.svg\" width=\"1\" height=\"1\" sizes=\"auto, (max-width: 1px) 100vw, 1px\" title=\"Artboard 3\" alt=\"\" \t\tclass=\"so-widget-image\"\/>\n\t<\/div>\n\n<\/div><\/div><\/div><\/div><div id=\"pgc-w60ed253788e21-0-1\"  class=\"panel-grid-cell\" ><div id=\"panel-w60ed253788e21-0-1-0\" class=\"so-panel widget widget_sow-editor panel-first-child panel-last-child\" data-index=\"1\" ><div\n\t\t\t\n\t\t\tclass=\"so-widget-sow-editor so-widget-sow-editor-base\"\n\t\t\t\n\t\t>\n<div class=\"siteorigin-widget-tinymce textwidget\">\n\t<h3>Zufriedenheitsgarantie<\/h3>\n<\/div>\n<\/div><\/div><\/div><\/div><\/div><\/div><div id=\"panel-1041-2-1-1\" class=\"so-panel widget widget_sow-editor\" data-index=\"6\" ><div\n\t\t\t\n\t\t\tclass=\"so-widget-sow-editor so-widget-sow-editor-base\"\n\t\t\t\n\t\t>\n<div class=\"siteorigin-widget-tinymce textwidget\">\n\t<ul>\n<li>Direktes Management vor Ort<\/li>\n<li>Koordinator 24\/7<\/li>\n<li>\u00dcbersetzer 24\/7<\/li>\n<li>Unterkunft<\/li>\n<li>Lokaler und internationaler Transport<\/li>\n<li>Mahlzeiten<\/li>\n<li>\u00c4rztliche Versorgung 24\/7<\/li>\n<li>Regelm\u00e4\u00dfige Meetings<\/li>\n<li>Vorauszahlung<\/li>\n<li>Arbeitszeitmaximierung<\/li>\n<li>Soziales Leben - events<\/li>\n<\/ul>\n<\/div>\n<\/div><\/div><div id=\"panel-1041-2-1-2\" class=\"so-panel widget widget_siteorigin-panels-builder\" data-index=\"7\" ><div id=\"pl-w60ed253789a7e\"  class=\"panel-layout\" ><div id=\"pg-w60ed253789a7e-0\"  class=\"panel-grid panel-no-style\" ><div id=\"pgc-w60ed253789a7e-0-0\"  class=\"panel-grid-cell\" ><div id=\"panel-w60ed253789a7e-0-0-0\" class=\"so-panel widget widget_sow-image panel-first-child panel-last-child\" data-index=\"0\" ><div class=\"panel-widget-style panel-widget-style-for-w60ed253789a7e-0-0-0\" ><div\n\t\t\t\n\t\t\tclass=\"so-widget-sow-image so-widget-sow-image-default-8b5b6f678277\"\n\t\t\t\n\t\t>\n<div class=\"sow-image-container\">\n\t\t<img loading=\"lazy\" decoding=\"async\" src=\"https:\/\/www.maxins.sk\/wp-content\/uploads\/2021\/07\/Artboard-3-copy.svg\" width=\"1\" height=\"1\" sizes=\"auto, (max-width: 1px) 100vw, 1px\" title=\"Artboard 3 copy\" alt=\"\" \t\tclass=\"so-widget-image\"\/>\n\t<\/div>\n\n<\/div><\/div><\/div><\/div><div id=\"pgc-w60ed253789a7e-0-1\"  class=\"panel-grid-cell\" ><div id=\"panel-w60ed253789a7e-0-1-0\" class=\"so-panel widget widget_sow-editor panel-first-child panel-last-child\" data-index=\"1\" ><div\n\t\t\t\n\t\t\tclass=\"so-widget-sow-editor so-widget-sow-editor-base\"\n\t\t\t\n\t\t>\n<div class=\"siteorigin-widget-tinymce textwidget\">\n\t<h3>Erfahrungen<\/h3>\n<\/div>\n<\/div><\/div><\/div><\/div><\/div><\/div><div id=\"panel-1041-2-1-3\" class=\"so-panel widget widget_sow-editor panel-last-child\" data-index=\"8\" ><div\n\t\t\t\n\t\t\tclass=\"so-widget-sow-editor so-widget-sow-editor-base\"\n\t\t\t\n\t\t>\n<div class=\"siteorigin-widget-tinymce textwidget\">\n\t<ul>\n<li>Produktion mit verschiedenen Produktionsarten<\/li>\n<li>Wachstum in Produktion und Innovation<\/li>\n<li>Aktive Teilnahme an Produktionszielen<\/li>\n<li>Aktives Mitarbeitermanagement, schnelle Reaktion<\/li>\n<li>Versicherungsprogramme f\u00fcr Arbeitsger\u00e4te \/ Technik \/ Komponente<\/li>\n<\/ul>\n<\/div>\n<\/div><\/div><\/div><div id=\"pgc-1041-2-2\"  class=\"panel-grid-cell\" ><div id=\"panel-1041-2-2-0\" class=\"so-panel widget widget_siteorigin-panels-builder panel-first-child\" data-index=\"9\" ><div id=\"pl-w60ed25378a51c\"  class=\"panel-layout\" ><div id=\"pg-w60ed25378a51c-0\"  class=\"panel-grid panel-no-style\" ><div id=\"pgc-w60ed25378a51c-0-0\"  class=\"panel-grid-cell\" ><div id=\"panel-w60ed25378a51c-0-0-0\" class=\"so-panel widget widget_sow-image panel-first-child panel-last-child\" data-index=\"0\" ><div class=\"panel-widget-style panel-widget-style-for-w60ed25378a51c-0-0-0\" ><div\n\t\t\t\n\t\t\tclass=\"so-widget-sow-image so-widget-sow-image-default-8b5b6f678277\"\n\t\t\t\n\t\t>\n<div class=\"sow-image-container\">\n\t\t<img loading=\"lazy\" decoding=\"async\" src=\"https:\/\/www.maxins.sk\/wp-content\/uploads\/2021\/07\/Artboard-3-copy-2-1.svg\" width=\"1\" height=\"1\" sizes=\"auto, (max-width: 1px) 100vw, 1px\" title=\"Artboard 3 copy 2\" alt=\"\" \t\tclass=\"so-widget-image\"\/>\n\t<\/div>\n\n<\/div><\/div><\/div><\/div><div id=\"pgc-w60ed25378a51c-0-1\"  class=\"panel-grid-cell\" ><div id=\"panel-w60ed25378a51c-0-1-0\" class=\"so-panel widget widget_sow-editor panel-first-child panel-last-child\" data-index=\"1\" ><div\n\t\t\t\n\t\t\tclass=\"so-widget-sow-editor so-widget-sow-editor-base\"\n\t\t\t\n\t\t>\n<div class=\"siteorigin-widget-tinymce textwidget\">\n\t<h3>Vorteile der Zusammenarbeit<\/h3>\n<\/div>\n<\/div><\/div><\/div><\/div><\/div><\/div><div id=\"panel-1041-2-2-1\" class=\"so-panel widget widget_sow-editor panel-last-child\" data-index=\"10\" ><div\n\t\t\t\n\t\t\tclass=\"so-widget-sow-editor so-widget-sow-editor-base\"\n\t\t\t\n\t\t>\n<div class=\"siteorigin-widget-tinymce textwidget\">\n\t<ul>\n<li>Gro\u00dfe Erfahrung beim Start einer neuen Produktion<\/li>\n<li>Analyse der Produktionslinie<\/li>\n<li>Kundenspezifische Rekrutierung f\u00fcr spezifische Produktion<\/li>\n<li>Probleml\u00f6sung in der Neuproduktion<\/li>\n<li>Anpassungsprogramme f\u00fcr die Neulinge<\/li>\n<li>Flexibilit\u00e4t bei der Probleml\u00f6sung<\/li>\n<li>Ungeplante \u00dcberstunden<\/li>\n<li>Zus\u00e4tzliche Wochenenden \/ Nachtschichten<\/li>\n<li>H\u00f6here Arbeitsbelastung am Quartalsende<\/li>\n<li>Weihnachts- \/ Neujahrsproduktion<\/li>\n<\/ul>\n<\/div>\n<\/div><\/div><\/div><\/div><\/div><div id=\"pg-1041-3\"  class=\"panel-grid panel-no-style\" ><div id=\"pgc-1041-3-0\"  class=\"panel-grid-cell\" ><div id=\"panel-1041-3-0-0\" class=\"so-panel widget widget_sow-image panel-first-child panel-last-child\" data-index=\"11\" ><div\n\t\t\t\n\t\t\tclass=\"so-widget-sow-image so-widget-sow-image-default-8b5b6f678277-1041\"\n\t\t\t\n\t\t>\n<div class=\"sow-image-container\">\n\t\t<img loading=\"lazy\" decoding=\"async\" src=\"https:\/\/www.maxins.sk\/wp-content\/uploads\/2021\/07\/map.png\" width=\"1993\" height=\"1413\" srcset=\"https:\/\/www.maxins.sk\/wp-content\/uploads\/2021\/07\/map.png 1993w, https:\/\/www.maxins.sk\/wp-content\/uploads\/2021\/07\/map-300x213.png 300w, https:\/\/www.maxins.sk\/wp-content\/uploads\/2021\/07\/map-1024x726.png 1024w, https:\/\/www.maxins.sk\/wp-content\/uploads\/2021\/07\/map-768x544.png 768w, https:\/\/www.maxins.sk\/wp-content\/uploads\/2021\/07\/map-1536x1089.png 1536w, https:\/\/www.maxins.sk\/wp-content\/uploads\/2021\/07\/map-480x340.png 480w, https:\/\/www.maxins.sk\/wp-content\/uploads\/2021\/07\/map-992x703.png 992w, https:\/\/www.maxins.sk\/wp-content\/uploads\/2021\/07\/map-1200x851.png 1200w\" sizes=\"auto, (max-width: 1993px) 100vw, 1993px\" alt=\"\" \t\tclass=\"so-widget-image\"\/>\n\t<\/div>\n\n<\/div><\/div><\/div><div id=\"pgc-1041-3-1\"  class=\"panel-grid-cell\" ><div id=\"panel-1041-3-1-0\" class=\"so-panel widget widget_sow-editor panel-first-child panel-last-child\" data-index=\"12\" ><div\n\t\t\t\n\t\t\tclass=\"so-widget-sow-editor so-widget-sow-editor-base\"\n\t\t\t\n\t\t>\n<div class=\"siteorigin-widget-tinymce textwidget\">\n\t<h1>Aktuelle Einsatzorte<br \/>\nMAXIN'S Group<\/h1>\n<\/div>\n<\/div><\/div><\/div><\/div><\/div>","protected":false},"excerpt":{"rendered":"<p>Die langj\u00e4hrigen Erfahrungen machen jeden von uns zu einem Experten in seinem Fach, mit zahlreichen hochwertigen Erfahrungen. Jeder von uns ist anders. Zusammen sind wir aber ein Team von einzigartigen Leuten, die sich hier getroffen sind, um die MAXIN\u00b4S Group, s.r.o. zu bilden. Wir realisieren unsere Dienstleistungen mit der \u00dcberzeugung, dass wir zur Erf\u00fcllen von [&hellip;]<\/p>\n","protected":false},"author":1,"featured_media":1043,"parent":0,"menu_order":0,"comment_status":"closed","ping_status":"closed","template":"","meta":{"_acf_changed":false,"inline_featured_image":false,"footnotes":""},"class_list":["post-1041","page","type-page","status-publish","has-post-thumbnail","hentry"],"acf":[],"yoast_head":"<!-- This site is optimized with the Yoast SEO plugin v26.1.1 - https:\/\/yoast.com\/wordpress\/plugins\/seo\/ -->\n<title>\u00dcber uns - Uns kennen lernen | Maxins.sk<\/title>\n<meta name=\"robots\" content=\"index, follow, max-snippet:-1, max-image-preview:large, max-video-preview:-1\" \/>\n<link rel=\"canonical\" href=\"https:\/\/www.maxins.sk\/de\/ueber-uns\/\" \/>\n<meta property=\"og:locale\" content=\"de_DE\" \/>\n<meta property=\"og:type\" content=\"article\" \/>\n<meta property=\"og:title\" content=\"\u00dcber uns - Uns kennen lernen | Maxins.sk\" \/>\n<meta property=\"og:description\" content=\"Die langj\u00e4hrigen Erfahrungen machen jeden von uns zu einem Experten in seinem Fach, mit zahlreichen hochwertigen Erfahrungen. Jeder von uns ist anders. Zusammen sind wir aber ein Team von einzigartigen Leuten, die sich hier getroffen sind, um die MAXIN\u00b4S Group, s.r.o. zu bilden. Wir realisieren unsere Dienstleistungen mit der \u00dcberzeugung, dass wir zur Erf\u00fcllen von [&hellip;]\" \/>\n<meta property=\"og:url\" content=\"https:\/\/www.maxins.sk\/de\/ueber-uns\/\" \/>\n<meta property=\"og:site_name\" content=\"MAXIN&#039;S\" \/>\n<meta property=\"article:modified_time\" content=\"2024-02-21T11:35:26+00:00\" \/>\n<meta property=\"og:image\" content=\"https:\/\/www.maxins.sk\/wp-content\/uploads\/2021\/06\/image-6.jpeg\" \/>\n\t<meta property=\"og:image:width\" content=\"2000\" \/>\n\t<meta property=\"og:image:height\" content=\"1300\" \/>\n\t<meta property=\"og:image:type\" content=\"image\/jpeg\" \/>\n<meta name=\"twitter:card\" content=\"summary_large_image\" \/>\n<meta name=\"twitter:label1\" content=\"Gesch\u00e4tzte Lesezeit\" \/>\n\t<meta name=\"twitter:data1\" content=\"4\u00a0Minuten\" \/>\n<script type=\"application\/ld+json\" class=\"yoast-schema-graph\">{\"@context\":\"https:\/\/schema.org\",\"@graph\":[{\"@type\":\"WebPage\",\"@id\":\"https:\/\/www.maxins.sk\/de\/ueber-uns\/\",\"url\":\"https:\/\/www.maxins.sk\/de\/ueber-uns\/\",\"name\":\"\u00dcber uns - Uns kennen lernen | Maxins.sk\",\"isPartOf\":{\"@id\":\"https:\/\/www.maxins.sk\/#website\"},\"primaryImageOfPage\":{\"@id\":\"https:\/\/www.maxins.sk\/de\/ueber-uns\/#primaryimage\"},\"image\":{\"@id\":\"https:\/\/www.maxins.sk\/de\/ueber-uns\/#primaryimage\"},\"thumbnailUrl\":\"https:\/\/www.maxins.sk\/wp-content\/uploads\/2021\/06\/image-6.jpeg\",\"datePublished\":\"2021-06-24T12:41:19+00:00\",\"dateModified\":\"2024-02-21T11:35:26+00:00\",\"breadcrumb\":{\"@id\":\"https:\/\/www.maxins.sk\/de\/ueber-uns\/#breadcrumb\"},\"inLanguage\":\"de\",\"potentialAction\":[{\"@type\":\"ReadAction\",\"target\":[\"https:\/\/www.maxins.sk\/de\/ueber-uns\/\"]}]},{\"@type\":\"ImageObject\",\"inLanguage\":\"de\",\"@id\":\"https:\/\/www.maxins.sk\/de\/ueber-uns\/#primaryimage\",\"url\":\"https:\/\/www.maxins.sk\/wp-content\/uploads\/2021\/06\/image-6.jpeg\",\"contentUrl\":\"https:\/\/www.maxins.sk\/wp-content\/uploads\/2021\/06\/image-6.jpeg\",\"width\":2000,\"height\":1300,\"caption\":\"image 6\"},{\"@type\":\"BreadcrumbList\",\"@id\":\"https:\/\/www.maxins.sk\/de\/ueber-uns\/#breadcrumb\",\"itemListElement\":[{\"@type\":\"ListItem\",\"position\":1,\"name\":\"Domovsk\u00e1 str\u00e1nka\",\"item\":\"https:\/\/www.maxins.sk\/de\/\"},{\"@type\":\"ListItem\",\"position\":2,\"name\":\"\u00dcber uns\"}]},{\"@type\":\"WebSite\",\"@id\":\"https:\/\/www.maxins.sk\/#website\",\"url\":\"https:\/\/www.maxins.sk\/\",\"name\":\"MAXIN\u2019S Person\u00e1lna agent\u00fara\",\"description\":\"\",\"potentialAction\":[{\"@type\":\"SearchAction\",\"target\":{\"@type\":\"EntryPoint\",\"urlTemplate\":\"https:\/\/www.maxins.sk\/?s={search_term_string}\"},\"query-input\":{\"@type\":\"PropertyValueSpecification\",\"valueRequired\":true,\"valueName\":\"search_term_string\"}}],\"inLanguage\":\"de\"}]}<\/script>\n<!-- \/ Yoast SEO plugin. -->","yoast_head_json":{"title":"\u00dcber uns - Uns kennen lernen | Maxins.sk","robots":{"index":"index","follow":"follow","max-snippet":"max-snippet:-1","max-image-preview":"max-image-preview:large","max-video-preview":"max-video-preview:-1"},"canonical":"https:\/\/www.maxins.sk\/de\/ueber-uns\/","og_locale":"de_DE","og_type":"article","og_title":"\u00dcber uns - Uns kennen lernen | Maxins.sk","og_description":"Die langj\u00e4hrigen Erfahrungen machen jeden von uns zu einem Experten in seinem Fach, mit zahlreichen hochwertigen Erfahrungen. Jeder von uns ist anders. Zusammen sind wir aber ein Team von einzigartigen Leuten, die sich hier getroffen sind, um die MAXIN\u00b4S Group, s.r.o. zu bilden. Wir realisieren unsere Dienstleistungen mit der \u00dcberzeugung, dass wir zur Erf\u00fcllen von [&hellip;]","og_url":"https:\/\/www.maxins.sk\/de\/ueber-uns\/","og_site_name":"MAXIN&#039;S","article_modified_time":"2024-02-21T11:35:26+00:00","og_image":[{"width":2000,"height":1300,"url":"https:\/\/www.maxins.sk\/wp-content\/uploads\/2021\/06\/image-6.jpeg","type":"image\/jpeg"}],"twitter_card":"summary_large_image","twitter_misc":{"Gesch\u00e4tzte Lesezeit":"4\u00a0Minuten"},"schema":{"@context":"https:\/\/schema.org","@graph":[{"@type":"WebPage","@id":"https:\/\/www.maxins.sk\/de\/ueber-uns\/","url":"https:\/\/www.maxins.sk\/de\/ueber-uns\/","name":"\u00dcber uns - Uns kennen lernen | Maxins.sk","isPartOf":{"@id":"https:\/\/www.maxins.sk\/#website"},"primaryImageOfPage":{"@id":"https:\/\/www.maxins.sk\/de\/ueber-uns\/#primaryimage"},"image":{"@id":"https:\/\/www.maxins.sk\/de\/ueber-uns\/#primaryimage"},"thumbnailUrl":"https:\/\/www.maxins.sk\/wp-content\/uploads\/2021\/06\/image-6.jpeg","datePublished":"2021-06-24T12:41:19+00:00","dateModified":"2024-02-21T11:35:26+00:00","breadcrumb":{"@id":"https:\/\/www.maxins.sk\/de\/ueber-uns\/#breadcrumb"},"inLanguage":"de","potentialAction":[{"@type":"ReadAction","target":["https:\/\/www.maxins.sk\/de\/ueber-uns\/"]}]},{"@type":"ImageObject","inLanguage":"de","@id":"https:\/\/www.maxins.sk\/de\/ueber-uns\/#primaryimage","url":"https:\/\/www.maxins.sk\/wp-content\/uploads\/2021\/06\/image-6.jpeg","contentUrl":"https:\/\/www.maxins.sk\/wp-content\/uploads\/2021\/06\/image-6.jpeg","width":2000,"height":1300,"caption":"image 6"},{"@type":"BreadcrumbList","@id":"https:\/\/www.maxins.sk\/de\/ueber-uns\/#breadcrumb","itemListElement":[{"@type":"ListItem","position":1,"name":"Domovsk\u00e1 str\u00e1nka","item":"https:\/\/www.maxins.sk\/de\/"},{"@type":"ListItem","position":2,"name":"\u00dcber uns"}]},{"@type":"WebSite","@id":"https:\/\/www.maxins.sk\/#website","url":"https:\/\/www.maxins.sk\/","name":"MAXIN\u2019S Person\u00e1lna agent\u00fara","description":"","potentialAction":[{"@type":"SearchAction","target":{"@type":"EntryPoint","urlTemplate":"https:\/\/www.maxins.sk\/?s={search_term_string}"},"query-input":{"@type":"PropertyValueSpecification","valueRequired":true,"valueName":"search_term_string"}}],"inLanguage":"de"}]}},"_links":{"self":[{"href":"https:\/\/www.maxins.sk\/de\/wp-json\/wp\/v2\/pages\/1041","targetHints":{"allow":["GET"]}}],"collection":[{"href":"https:\/\/www.maxins.sk\/de\/wp-json\/wp\/v2\/pages"}],"about":[{"href":"https:\/\/www.maxins.sk\/de\/wp-json\/wp\/v2\/types\/page"}],"author":[{"embeddable":true,"href":"https:\/\/www.maxins.sk\/de\/wp-json\/wp\/v2\/users\/1"}],"replies":[{"embeddable":true,"href":"https:\/\/www.maxins.sk\/de\/wp-json\/wp\/v2\/comments?post=1041"}],"version-history":[{"count":20,"href":"https:\/\/www.maxins.sk\/de\/wp-json\/wp\/v2\/pages\/1041\/revisions"}],"predecessor-version":[{"id":7259,"href":"https:\/\/www.maxins.sk\/de\/wp-json\/wp\/v2\/pages\/1041\/revisions\/7259"}],"wp:featuredmedia":[{"embeddable":true,"href":"https:\/\/www.maxins.sk\/de\/wp-json\/wp\/v2\/media\/1043"}],"wp:attachment":[{"href":"https:\/\/www.maxins.sk\/de\/wp-json\/wp\/v2\/media?parent=1041"}],"curies":[{"name":"wp","href":"https:\/\/api.w.org\/{rel}","templated":true}]}}