{"id":1003,"date":"2021-06-24T08:54:57","date_gmt":"2021-06-24T08:54:57","guid":{"rendered":"https:\/\/www.maxins.sk\/uvod\/"},"modified":"2024-05-22T14:34:12","modified_gmt":"2024-05-22T12:34:12","slug":"uvod","status":"publish","type":"page","link":"https:\/\/www.maxins.sk\/de\/","title":{"rendered":"\u00davod"},"content":{"rendered":"<div id=\"pl-1003\"  class=\"panel-layout\" ><div id=\"pg-1003-0\"  class=\"panel-grid panel-has-style\" ><div class=\"siteorigin-panels-stretch panel-row-style panel-row-style-for-1003-0\" data-stretch-type=\"full\" ><div id=\"pgc-1003-0-0\"  class=\"panel-grid-cell panel-grid-cell-empty\" ><\/div><div id=\"pgc-1003-0-1\"  class=\"panel-grid-cell\" ><div id=\"panel-1003-0-1-0\" class=\"so-panel widget widget_sow-editor panel-first-child panel-last-child\" data-index=\"0\" ><div\n\t\t\t\n\t\t\tclass=\"so-widget-sow-editor so-widget-sow-editor-base\"\n\t\t\t\n\t\t>\n<div class=\"siteorigin-widget-tinymce textwidget\">\n\t<h2 style=\"margin-top: 1.0em;\">Der partner<br \/>\nf\u00fcr ihr business<\/h2>\n<\/div>\n<\/div><\/div><\/div><div id=\"pgc-1003-0-2\"  class=\"panel-grid-cell panel-grid-cell-mobile-last\" ><div id=\"panel-1003-0-2-0\" class=\"so-panel widget widget_sow-editor panel-first-child panel-last-child\" data-index=\"1\" ><div class=\"panel-widget-style panel-widget-style-for-1003-0-2-0\" ><div\n\t\t\t\n\t\t\tclass=\"so-widget-sow-editor so-widget-sow-editor-base\"\n\t\t\t\n\t\t>\n<div class=\"siteorigin-widget-tinymce textwidget\">\n\t<p>\t\u00dcberlassen Sie uns alle Sorgen und Pflichten im Zusammenhang mit der Auswahl geeigneter Arbeitnehmer und nutzen Sie die kompletten Dienstleistungen auf dem Gebiet der Personalbeschaffung, Qualit\u00e4tskontrolle, Outsourcing und HR-L\u00f6sungen.<\/p>\n<p><a style=\"color: #23aa9e\" href=\"https:\/\/www.maxins.sk\/de\/ueber-uns\/\" title=\"\" class=\"link\">\u00dcber uns<span class=\"icon-arrow-right-2\"><\/span><\/a><\/p>\n<\/div>\n<\/div><\/div><\/div><\/div><div id=\"pgc-1003-0-3\"  class=\"panel-grid-cell panel-grid-cell-empty\" ><\/div><\/div><\/div><\/div>","protected":false},"excerpt":{"rendered":"<p>Der partner f\u00fcr ihr business \u00dcberlassen Sie uns alle Sorgen und Pflichten im Zusammenhang mit der Auswahl geeigneter Arbeitnehmer und nutzen Sie die kompletten Dienstleistungen auf dem Gebiet der Personalbeschaffung, Qualit\u00e4tskontrolle, Outsourcing und HR-L\u00f6sungen. \u00dcber uns<\/p>\n","protected":false},"author":1,"featured_media":0,"parent":0,"menu_order":0,"comment_status":"closed","ping_status":"open","template":"page-home.php","meta":{"_acf_changed":false,"inline_featured_image":false,"footnotes":""},"class_list":["post-1003","page","type-page","status-publish","hentry"],"acf":[],"yoast_head":"<!-- This site is optimized with the Yoast SEO plugin v26.1.1 - https:\/\/yoast.com\/wordpress\/plugins\/seo\/ -->\n<title>Einleitung - Arbeite mit uns | Maxins.sk<\/title>\n<meta name=\"description\" content=\"Wir verwenden Cookies, um Ihre Benutzererfahrung zu verbessern. Lesen Sie die Details der Nutzungsbedingungen und w\u00e4hlen Sie Ihre Pr\u00e4ferenzen aus.\" \/>\n<meta name=\"robots\" content=\"index, follow, max-snippet:-1, max-image-preview:large, max-video-preview:-1\" \/>\n<link rel=\"canonical\" href=\"https:\/\/www.maxins.sk\/de\/\" \/>\n<meta property=\"og:locale\" content=\"de_DE\" \/>\n<meta property=\"og:type\" content=\"article\" \/>\n<meta property=\"og:title\" content=\"Einleitung - Arbeite mit uns | Maxins.sk\" \/>\n<meta property=\"og:description\" content=\"Wir verwenden Cookies, um Ihre Benutzererfahrung zu verbessern. Lesen Sie die Details der Nutzungsbedingungen und w\u00e4hlen Sie Ihre Pr\u00e4ferenzen aus.\" \/>\n<meta property=\"og:url\" content=\"https:\/\/www.maxins.sk\/de\/\" \/>\n<meta property=\"og:site_name\" content=\"MAXIN&#039;S\" \/>\n<meta property=\"article:modified_time\" content=\"2024-05-22T12:34:12+00:00\" \/>\n<meta property=\"og:image\" content=\"https:\/\/www.maxins.sk\/wp-content\/uploads\/2024\/11\/maxins-logo4.png\" \/>\n\t<meta property=\"og:image:width\" content=\"1000\" \/>\n\t<meta property=\"og:image:height\" content=\"505\" \/>\n\t<meta property=\"og:image:type\" content=\"image\/png\" \/>\n<meta name=\"twitter:card\" content=\"summary_large_image\" \/>\n<meta name=\"twitter:label1\" content=\"Gesch\u00e4tzte Lesezeit\" \/>\n\t<meta name=\"twitter:data1\" content=\"1\u00a0Minute\" \/>\n<script type=\"application\/ld+json\" class=\"yoast-schema-graph\">{\"@context\":\"https:\/\/schema.org\",\"@graph\":[{\"@type\":\"WebPage\",\"@id\":\"https:\/\/www.maxins.sk\/de\/\",\"url\":\"https:\/\/www.maxins.sk\/de\/\",\"name\":\"Einleitung - Arbeite mit uns | Maxins.sk\",\"isPartOf\":{\"@id\":\"https:\/\/www.maxins.sk\/#website\"},\"datePublished\":\"2021-06-24T08:54:57+00:00\",\"dateModified\":\"2024-05-22T12:34:12+00:00\",\"description\":\"Wir verwenden Cookies, um Ihre Benutzererfahrung zu verbessern. Lesen Sie die Details der Nutzungsbedingungen und w\u00e4hlen Sie Ihre Pr\u00e4ferenzen aus.\",\"breadcrumb\":{\"@id\":\"https:\/\/www.maxins.sk\/de\/#breadcrumb\"},\"inLanguage\":\"de\",\"potentialAction\":[{\"@type\":\"ReadAction\",\"target\":[\"https:\/\/www.maxins.sk\/de\/\"]}]},{\"@type\":\"BreadcrumbList\",\"@id\":\"https:\/\/www.maxins.sk\/de\/#breadcrumb\",\"itemListElement\":[{\"@type\":\"ListItem\",\"position\":1,\"name\":\"Domovsk\u00e1 str\u00e1nka\",\"item\":\"https:\/\/www.maxins.sk\/de\/\"},{\"@type\":\"ListItem\",\"position\":2,\"name\":\"\u00davod\"}]},{\"@type\":\"WebSite\",\"@id\":\"https:\/\/www.maxins.sk\/#website\",\"url\":\"https:\/\/www.maxins.sk\/\",\"name\":\"MAXIN\u2019S Person\u00e1lna agent\u00fara\",\"description\":\"\",\"potentialAction\":[{\"@type\":\"SearchAction\",\"target\":{\"@type\":\"EntryPoint\",\"urlTemplate\":\"https:\/\/www.maxins.sk\/?s={search_term_string}\"},\"query-input\":{\"@type\":\"PropertyValueSpecification\",\"valueRequired\":true,\"valueName\":\"search_term_string\"}}],\"inLanguage\":\"de\"}]}<\/script>\n<!-- \/ Yoast SEO plugin. -->","yoast_head_json":{"title":"Einleitung - Arbeite mit uns | Maxins.sk","description":"Wir verwenden Cookies, um Ihre Benutzererfahrung zu verbessern. Lesen Sie die Details der Nutzungsbedingungen und w\u00e4hlen Sie Ihre Pr\u00e4ferenzen aus.","robots":{"index":"index","follow":"follow","max-snippet":"max-snippet:-1","max-image-preview":"max-image-preview:large","max-video-preview":"max-video-preview:-1"},"canonical":"https:\/\/www.maxins.sk\/de\/","og_locale":"de_DE","og_type":"article","og_title":"Einleitung - Arbeite mit uns | Maxins.sk","og_description":"Wir verwenden Cookies, um Ihre Benutzererfahrung zu verbessern. Lesen Sie die Details der Nutzungsbedingungen und w\u00e4hlen Sie Ihre Pr\u00e4ferenzen aus.","og_url":"https:\/\/www.maxins.sk\/de\/","og_site_name":"MAXIN&#039;S","article_modified_time":"2024-05-22T12:34:12+00:00","og_image":[{"width":1000,"height":505,"url":"https:\/\/www.maxins.sk\/wp-content\/uploads\/2024\/11\/maxins-logo4.png","type":"image\/png"}],"twitter_card":"summary_large_image","twitter_misc":{"Gesch\u00e4tzte Lesezeit":"1\u00a0Minute"},"schema":{"@context":"https:\/\/schema.org","@graph":[{"@type":"WebPage","@id":"https:\/\/www.maxins.sk\/de\/","url":"https:\/\/www.maxins.sk\/de\/","name":"Einleitung - Arbeite mit uns | Maxins.sk","isPartOf":{"@id":"https:\/\/www.maxins.sk\/#website"},"datePublished":"2021-06-24T08:54:57+00:00","dateModified":"2024-05-22T12:34:12+00:00","description":"Wir verwenden Cookies, um Ihre Benutzererfahrung zu verbessern. Lesen Sie die Details der Nutzungsbedingungen und w\u00e4hlen Sie Ihre Pr\u00e4ferenzen aus.","breadcrumb":{"@id":"https:\/\/www.maxins.sk\/de\/#breadcrumb"},"inLanguage":"de","potentialAction":[{"@type":"ReadAction","target":["https:\/\/www.maxins.sk\/de\/"]}]},{"@type":"BreadcrumbList","@id":"https:\/\/www.maxins.sk\/de\/#breadcrumb","itemListElement":[{"@type":"ListItem","position":1,"name":"Domovsk\u00e1 str\u00e1nka","item":"https:\/\/www.maxins.sk\/de\/"},{"@type":"ListItem","position":2,"name":"\u00davod"}]},{"@type":"WebSite","@id":"https:\/\/www.maxins.sk\/#website","url":"https:\/\/www.maxins.sk\/","name":"MAXIN\u2019S Person\u00e1lna agent\u00fara","description":"","potentialAction":[{"@type":"SearchAction","target":{"@type":"EntryPoint","urlTemplate":"https:\/\/www.maxins.sk\/?s={search_term_string}"},"query-input":{"@type":"PropertyValueSpecification","valueRequired":true,"valueName":"search_term_string"}}],"inLanguage":"de"}]}},"_links":{"self":[{"href":"https:\/\/www.maxins.sk\/de\/wp-json\/wp\/v2\/pages\/1003","targetHints":{"allow":["GET"]}}],"collection":[{"href":"https:\/\/www.maxins.sk\/de\/wp-json\/wp\/v2\/pages"}],"about":[{"href":"https:\/\/www.maxins.sk\/de\/wp-json\/wp\/v2\/types\/page"}],"author":[{"embeddable":true,"href":"https:\/\/www.maxins.sk\/de\/wp-json\/wp\/v2\/users\/1"}],"replies":[{"embeddable":true,"href":"https:\/\/www.maxins.sk\/de\/wp-json\/wp\/v2\/comments?post=1003"}],"version-history":[{"count":45,"href":"https:\/\/www.maxins.sk\/de\/wp-json\/wp\/v2\/pages\/1003\/revisions"}],"predecessor-version":[{"id":8135,"href":"https:\/\/www.maxins.sk\/de\/wp-json\/wp\/v2\/pages\/1003\/revisions\/8135"}],"wp:attachment":[{"href":"https:\/\/www.maxins.sk\/de\/wp-json\/wp\/v2\/media?parent=1003"}],"curies":[{"name":"wp","href":"https:\/\/api.w.org\/{rel}","templated":true}]}}